{"id":27448,"date":"2026-04-29T12:19:54","date_gmt":"2026-04-29T10:19:54","guid":{"rendered":"https:\/\/almadetribu.es\/?post_type=product&#038;p=27448"},"modified":"2026-04-29T15:01:07","modified_gmt":"2026-04-29T13:01:07","slug":"flowmencura-experience-12-junio-torrelodones","status":"publish","type":"product","link":"https:\/\/almadetribu.es\/en\/product\/flowmencura-experience-12-junio-torrelodones\/","title":{"rendered":"Flowmencura Experience \u2013 12 Junio Torrelodones"},"content":{"rendered":"<p>El cuerpo se mueve.<br \/>\nEl alma canta.<br \/>\nTodo fluye.<\/p>\n<p>Una experiencia \u00fanica donde el movimiento consciente se fusiona con el arte flamenco en directo.<\/p>\n<p>\ud83d\udd25 1h Raisa Flow Movement<br \/>\n\ud83e\udd41 Taller de palmas con El Guille<br \/>\n\ud83c\udfa4 Fin de fiesta con Antonio \u201cEl Potaje\u201d<\/p>\n<p>\ud83d\udccd Torrelodones (Madrid)<br \/>\n\ud83d\udcc5 12 de junio<br \/>\n\ud83d\udd55 18:00 a 20:45h<\/p>\n<p>Plazas limitadas.<\/p>","protected":false},"excerpt":{"rendered":"<p>Una experiencia \u00fanica donde el cuerpo se libera, el ritmo te atraviesa y la energ\u00eda se contagia.<\/p>\n<p>Yoga + Movimiento + Flamenco + M\u00fasica en directo.<\/p>\n<p>\ud83d\udccd Torrelodones<br \/>\n\ud83d\udcc5 12 junio<br \/>\n\ud83d\udd55 18:00 \u2013 20:45h<\/p>\n<p>\u26a1\ufe0f Early Bird 79\u20ac hasta el 15 de mayo<br \/>\n\ud83d\udd25 Despu\u00e9s: 99\u20ac<\/p>\n<p>Plazas muy limitadas.<\/p>\n<p>\ud83d\udc49 Si lo sientes\u2026 no lo pienses.<\/p>","protected":false},"featured_media":27444,"template":"","meta":[],"product_brand":[],"product_cat":[131],"product_tag":[],"class_list":{"0":"post-27448","1":"product","2":"type-product","3":"status-publish","4":"has-post-thumbnail","6":"product_cat-sin-categorizar","7":"membership-content","8":"access-restricted","10":"first","11":"instock","12":"sale","13":"downloadable","14":"virtual","15":"taxable","16":"product-type-simple"},"bundle_layout":"","bundled_by":[],"bundled_items":[],"yoast_head":"<!-- This site is optimized with the Yoast SEO plugin v27.5 - https:\/\/yoast.com\/product\/yoast-seo-wordpress\/ -->\n<title>Flowmencura Experience \u2013 12 Junio Torrelodones - ALMA DE TRIBU<\/title>\n<meta name=\"robots\" content=\"index, follow, max-snippet:-1, max-image-preview:large, max-video-preview:-1\" \/>\n<link rel=\"canonical\" href=\"https:\/\/almadetribu.es\/en\/product\/flowmencura-experience-12-junio-torrelodones\/\" \/>\n<meta property=\"og:locale\" content=\"en_GB\" \/>\n<meta property=\"og:type\" content=\"article\" \/>\n<meta property=\"og:title\" content=\"Flowmencura Experience \u2013 12 Junio Torrelodones - ALMA DE TRIBU\" \/>\n<meta property=\"og:description\" content=\"Una experiencia \u00fanica donde el cuerpo se libera, el ritmo te atraviesa y la energ\u00eda se contagia.  Yoga + Movimiento + Flamenco + M\u00fasica en directo.  \ud83d\udccd Torrelodones \ud83d\udcc5 12 junio \ud83d\udd55 18:00 \u2013 20:45h  \u26a1\ufe0f Early Bird 79\u20ac hasta el 15 de mayo \ud83d\udd25 Despu\u00e9s: 99\u20ac  Plazas muy limitadas.  \ud83d\udc49 Si lo sientes\u2026 no lo pienses.\" \/>\n<meta property=\"og:url\" content=\"https:\/\/almadetribu.es\/en\/product\/flowmencura-experience-12-junio-torrelodones\/\" \/>\n<meta property=\"og:site_name\" content=\"ALMA DE TRIBU\" \/>\n<meta property=\"article:modified_time\" content=\"2026-04-29T13:01:07+00:00\" \/>\n<meta property=\"og:image\" content=\"https:\/\/almadetribu.es\/wp-content\/uploads\/2026\/04\/LOGO-WHATSAPP-1024x1024.png\" \/>\n\t<meta property=\"og:image:width\" content=\"1024\" \/>\n\t<meta property=\"og:image:height\" content=\"1024\" \/>\n\t<meta property=\"og:image:type\" content=\"image\/png\" \/>\n<meta name=\"twitter:card\" content=\"summary_large_image\" \/>\n<meta name=\"twitter:label1\" content=\"Estimated reading time\" \/>\n\t<meta name=\"twitter:data1\" content=\"1 minute\" \/>\n<script type=\"application\/ld+json\" class=\"yoast-schema-graph\">{\"@context\":\"https:\\\/\\\/schema.org\",\"@graph\":[{\"@type\":\"WebPage\",\"@id\":\"https:\\\/\\\/almadetribu.es\\\/producto\\\/flowmencura-experience-12-junio-torrelodones\\\/\",\"url\":\"https:\\\/\\\/almadetribu.es\\\/producto\\\/flowmencura-experience-12-junio-torrelodones\\\/\",\"name\":\"Flowmencura Experience \u2013 12 Junio Torrelodones - ALMA DE TRIBU\",\"isPartOf\":{\"@id\":\"https:\\\/\\\/almadetribu.es\\\/#website\"},\"primaryImageOfPage\":{\"@id\":\"https:\\\/\\\/almadetribu.es\\\/producto\\\/flowmencura-experience-12-junio-torrelodones\\\/#primaryimage\"},\"image\":{\"@id\":\"https:\\\/\\\/almadetribu.es\\\/producto\\\/flowmencura-experience-12-junio-torrelodones\\\/#primaryimage\"},\"thumbnailUrl\":\"https:\\\/\\\/almadetribu.es\\\/wp-content\\\/uploads\\\/2026\\\/04\\\/LOGO-WHATSAPP.png\",\"datePublished\":\"2026-04-29T10:19:54+00:00\",\"dateModified\":\"2026-04-29T13:01:07+00:00\",\"breadcrumb\":{\"@id\":\"https:\\\/\\\/almadetribu.es\\\/producto\\\/flowmencura-experience-12-junio-torrelodones\\\/#breadcrumb\"},\"inLanguage\":\"en-GB\",\"potentialAction\":[{\"@type\":\"ReadAction\",\"target\":[\"https:\\\/\\\/almadetribu.es\\\/producto\\\/flowmencura-experience-12-junio-torrelodones\\\/\"]}]},{\"@type\":\"ImageObject\",\"inLanguage\":\"en-GB\",\"@id\":\"https:\\\/\\\/almadetribu.es\\\/producto\\\/flowmencura-experience-12-junio-torrelodones\\\/#primaryimage\",\"url\":\"https:\\\/\\\/almadetribu.es\\\/wp-content\\\/uploads\\\/2026\\\/04\\\/LOGO-WHATSAPP.png\",\"contentUrl\":\"https:\\\/\\\/almadetribu.es\\\/wp-content\\\/uploads\\\/2026\\\/04\\\/LOGO-WHATSAPP.png\",\"width\":1254,\"height\":1254},{\"@type\":\"BreadcrumbList\",\"@id\":\"https:\\\/\\\/almadetribu.es\\\/producto\\\/flowmencura-experience-12-junio-torrelodones\\\/#breadcrumb\",\"itemListElement\":[{\"@type\":\"ListItem\",\"position\":1,\"name\":\"Portada\",\"item\":\"https:\\\/\\\/almadetribu.es\\\/\"},{\"@type\":\"ListItem\",\"position\":2,\"name\":\"SHOP\",\"item\":\"https:\\\/\\\/almadetribu.es\\\/shop\\\/\"},{\"@type\":\"ListItem\",\"position\":3,\"name\":\"Flowmencura Experience \u2013 12 Junio Torrelodones\"}]},{\"@type\":\"WebSite\",\"@id\":\"https:\\\/\\\/almadetribu.es\\\/#website\",\"url\":\"https:\\\/\\\/almadetribu.es\\\/\",\"name\":\"ALMA DE TRIBU\",\"description\":\"YOGA FLOW SECRET CLUB\",\"publisher\":{\"@id\":\"https:\\\/\\\/almadetribu.es\\\/#organization\"},\"potentialAction\":[{\"@type\":\"SearchAction\",\"target\":{\"@type\":\"EntryPoint\",\"urlTemplate\":\"https:\\\/\\\/almadetribu.es\\\/?s={search_term_string}\"},\"query-input\":{\"@type\":\"PropertyValueSpecification\",\"valueRequired\":true,\"valueName\":\"search_term_string\"}}],\"inLanguage\":\"en-GB\"},{\"@type\":\"Organization\",\"@id\":\"https:\\\/\\\/almadetribu.es\\\/#organization\",\"name\":\"Roc\u00edo Meg\u00eda Metta Coach\",\"url\":\"https:\\\/\\\/almadetribu.es\\\/\",\"logo\":{\"@type\":\"ImageObject\",\"inLanguage\":\"en-GB\",\"@id\":\"https:\\\/\\\/almadetribu.es\\\/#\\\/schema\\\/logo\\\/image\\\/\",\"url\":\"https:\\\/\\\/rociomegia.com\\\/wp-content\\\/uploads\\\/2020\\\/09\\\/logo-rocio-verde.png\",\"contentUrl\":\"https:\\\/\\\/rociomegia.com\\\/wp-content\\\/uploads\\\/2020\\\/09\\\/logo-rocio-verde.png\",\"width\":220,\"height\":60,\"caption\":\"Roc\u00edo Meg\u00eda Metta Coach\"},\"image\":{\"@id\":\"https:\\\/\\\/almadetribu.es\\\/#\\\/schema\\\/logo\\\/image\\\/\"},\"sameAs\":[\"https:\\\/\\\/www.instagram.com\\\/rociomegia_mettacoach\\\/\"]}]}<\/script>\n<!-- \/ Yoast SEO plugin. -->","yoast_head_json":{"title":"Flowmencura Experience \u2013 12 Junio Torrelodones - ALMA DE TRIBU","robots":{"index":"index","follow":"follow","max-snippet":"max-snippet:-1","max-image-preview":"max-image-preview:large","max-video-preview":"max-video-preview:-1"},"canonical":"https:\/\/almadetribu.es\/en\/product\/flowmencura-experience-12-junio-torrelodones\/","og_locale":"en_GB","og_type":"article","og_title":"Flowmencura Experience \u2013 12 Junio Torrelodones - ALMA DE TRIBU","og_description":"Una experiencia \u00fanica donde el cuerpo se libera, el ritmo te atraviesa y la energ\u00eda se contagia.  Yoga + Movimiento + Flamenco + M\u00fasica en directo.  \ud83d\udccd Torrelodones \ud83d\udcc5 12 junio \ud83d\udd55 18:00 \u2013 20:45h  \u26a1\ufe0f Early Bird 79\u20ac hasta el 15 de mayo \ud83d\udd25 Despu\u00e9s: 99\u20ac  Plazas muy limitadas.  \ud83d\udc49 Si lo sientes\u2026 no lo pienses.","og_url":"https:\/\/almadetribu.es\/en\/product\/flowmencura-experience-12-junio-torrelodones\/","og_site_name":"ALMA DE TRIBU","article_modified_time":"2026-04-29T13:01:07+00:00","og_image":[{"width":1024,"height":1024,"url":"https:\/\/almadetribu.es\/wp-content\/uploads\/2026\/04\/LOGO-WHATSAPP-1024x1024.png","type":"image\/png"}],"twitter_card":"summary_large_image","twitter_misc":{"Estimated reading time":"1 minute"},"schema":{"@context":"https:\/\/schema.org","@graph":[{"@type":"WebPage","@id":"https:\/\/almadetribu.es\/producto\/flowmencura-experience-12-junio-torrelodones\/","url":"https:\/\/almadetribu.es\/producto\/flowmencura-experience-12-junio-torrelodones\/","name":"Flowmencura Experience \u2013 12 Junio Torrelodones - ALMA DE TRIBU","isPartOf":{"@id":"https:\/\/almadetribu.es\/#website"},"primaryImageOfPage":{"@id":"https:\/\/almadetribu.es\/producto\/flowmencura-experience-12-junio-torrelodones\/#primaryimage"},"image":{"@id":"https:\/\/almadetribu.es\/producto\/flowmencura-experience-12-junio-torrelodones\/#primaryimage"},"thumbnailUrl":"https:\/\/almadetribu.es\/wp-content\/uploads\/2026\/04\/LOGO-WHATSAPP.png","datePublished":"2026-04-29T10:19:54+00:00","dateModified":"2026-04-29T13:01:07+00:00","breadcrumb":{"@id":"https:\/\/almadetribu.es\/producto\/flowmencura-experience-12-junio-torrelodones\/#breadcrumb"},"inLanguage":"en-GB","potentialAction":[{"@type":"ReadAction","target":["https:\/\/almadetribu.es\/producto\/flowmencura-experience-12-junio-torrelodones\/"]}]},{"@type":"ImageObject","inLanguage":"en-GB","@id":"https:\/\/almadetribu.es\/producto\/flowmencura-experience-12-junio-torrelodones\/#primaryimage","url":"https:\/\/almadetribu.es\/wp-content\/uploads\/2026\/04\/LOGO-WHATSAPP.png","contentUrl":"https:\/\/almadetribu.es\/wp-content\/uploads\/2026\/04\/LOGO-WHATSAPP.png","width":1254,"height":1254},{"@type":"BreadcrumbList","@id":"https:\/\/almadetribu.es\/producto\/flowmencura-experience-12-junio-torrelodones\/#breadcrumb","itemListElement":[{"@type":"ListItem","position":1,"name":"Portada","item":"https:\/\/almadetribu.es\/"},{"@type":"ListItem","position":2,"name":"SHOP","item":"https:\/\/almadetribu.es\/shop\/"},{"@type":"ListItem","position":3,"name":"Flowmencura Experience \u2013 12 Junio Torrelodones"}]},{"@type":"WebSite","@id":"https:\/\/almadetribu.es\/#website","url":"https:\/\/almadetribu.es\/","name":"ALMA DE TRIBU","description":"YOGA FLOW SECRET CLUB","publisher":{"@id":"https:\/\/almadetribu.es\/#organization"},"potentialAction":[{"@type":"SearchAction","target":{"@type":"EntryPoint","urlTemplate":"https:\/\/almadetribu.es\/?s={search_term_string}"},"query-input":{"@type":"PropertyValueSpecification","valueRequired":true,"valueName":"search_term_string"}}],"inLanguage":"en-GB"},{"@type":"Organization","@id":"https:\/\/almadetribu.es\/#organization","name":"Roc\u00edo Meg\u00eda Metta Coach","url":"https:\/\/almadetribu.es\/","logo":{"@type":"ImageObject","inLanguage":"en-GB","@id":"https:\/\/almadetribu.es\/#\/schema\/logo\/image\/","url":"https:\/\/rociomegia.com\/wp-content\/uploads\/2020\/09\/logo-rocio-verde.png","contentUrl":"https:\/\/rociomegia.com\/wp-content\/uploads\/2020\/09\/logo-rocio-verde.png","width":220,"height":60,"caption":"Roc\u00edo Meg\u00eda Metta Coach"},"image":{"@id":"https:\/\/almadetribu.es\/#\/schema\/logo\/image\/"},"sameAs":["https:\/\/www.instagram.com\/rociomegia_mettacoach\/"]}]}},"_links":{"self":[{"href":"https:\/\/almadetribu.es\/en\/wp-json\/wp\/v2\/product\/27448","targetHints":{"allow":["GET"]}}],"collection":[{"href":"https:\/\/almadetribu.es\/en\/wp-json\/wp\/v2\/product"}],"about":[{"href":"https:\/\/almadetribu.es\/en\/wp-json\/wp\/v2\/types\/product"}],"wp:featuredmedia":[{"embeddable":true,"href":"https:\/\/almadetribu.es\/en\/wp-json\/wp\/v2\/media\/27444"}],"wp:attachment":[{"href":"https:\/\/almadetribu.es\/en\/wp-json\/wp\/v2\/media?parent=27448"}],"wp:term":[{"taxonomy":"product_brand","embeddable":true,"href":"https:\/\/almadetribu.es\/en\/wp-json\/wp\/v2\/product_brand?post=27448"},{"taxonomy":"product_cat","embeddable":true,"href":"https:\/\/almadetribu.es\/en\/wp-json\/wp\/v2\/product_cat?post=27448"},{"taxonomy":"product_tag","embeddable":true,"href":"https:\/\/almadetribu.es\/en\/wp-json\/wp\/v2\/product_tag?post=27448"}],"curies":[{"name":"wp","href":"https:\/\/api.w.org\/{rel}","templated":true}]}}