{"id":8256,"date":"2020-04-28T22:40:36","date_gmt":"2020-04-28T20:40:36","guid":{"rendered":"https:\/\/rociomegia.com\/?page_id=8256"},"modified":"2025-08-21T15:06:14","modified_gmt":"2025-08-21T13:06:14","slug":"aviso-legal","status":"publish","type":"page","link":"https:\/\/almadetribu.es\/en\/aviso-legal\/","title":{"rendered":"AVISO LEGAL"},"content":{"rendered":"<div data-elementor-type=\"wp-page\" data-elementor-id=\"8256\" class=\"elementor elementor-8256\" data-elementor-post-type=\"page\">\n\t\t\t\t\t\t<section class=\"has_eae_slider elementor-section elementor-top-section elementor-element elementor-element-777bf57 elementor-section-boxed elementor-section-height-default elementor-section-height-default qodef-elementor-content-no\" data-eae-slider=\"69047\" data-id=\"777bf57\" data-element_type=\"section\" data-e-type=\"section\" data-settings=\"{&quot;background_background&quot;:&quot;classic&quot;}\">\n\t\t\t\t\t\t<div class=\"elementor-container elementor-column-gap-default\">\n\t\t\t\t\t<div class=\"has_eae_slider elementor-column elementor-col-100 elementor-top-column elementor-element elementor-element-c08839a\" data-eae-slider=\"3673\" data-id=\"c08839a\" data-element_type=\"column\" data-e-type=\"column\">\n\t\t\t<div class=\"elementor-widget-wrap elementor-element-populated\">\n\t\t\t\t\t\t<div class=\"elementor-element elementor-element-6383298 elementor-widget elementor-widget-heading\" data-id=\"6383298\" data-element_type=\"widget\" data-e-type=\"widget\" data-widget_type=\"heading.default\">\n\t\t\t\t<div class=\"elementor-widget-container\">\n\t\t\t\t\t<h2 class=\"elementor-heading-title elementor-size-default\">AVISO LEGAL<\/h2>\t\t\t\t<\/div>\n\t\t\t\t<\/div>\n\t\t\t\t\t<\/div>\n\t\t<\/div>\n\t\t\t\t\t<\/div>\n\t\t<\/section>\n\t\t\t\t<section class=\"has_eae_slider elementor-section elementor-top-section elementor-element elementor-element-03fadcd elementor-section-boxed elementor-section-height-default elementor-section-height-default qodef-elementor-content-no\" data-eae-slider=\"22467\" data-id=\"03fadcd\" data-element_type=\"section\" data-e-type=\"section\">\n\t\t\t\t\t\t<div class=\"elementor-container elementor-column-gap-default\">\n\t\t\t\t\t<div class=\"has_eae_slider elementor-column elementor-col-100 elementor-top-column elementor-element elementor-element-0091f50\" data-eae-slider=\"85686\" data-id=\"0091f50\" data-element_type=\"column\" data-e-type=\"column\">\n\t\t\t<div class=\"elementor-widget-wrap elementor-element-populated\">\n\t\t\t\t\t\t<div class=\"elementor-element elementor-element-0b9d8f1 elementor-widget elementor-widget-text-editor\" data-id=\"0b9d8f1\" data-element_type=\"widget\" data-e-type=\"widget\" data-widget_type=\"text-editor.default\">\n\t\t\t\t<div class=\"elementor-widget-container\">\n\t\t\t\t\t\t\t\t\t<div class=\"page\" title=\"Page 1\"><div class=\"layoutArea\"><div class=\"column\"><p data-start=\"165\" data-end=\"331\">En cumplimiento del art\u00edculo 10 de la Ley 34\/2002, de 11 de julio, de Servicios de la Sociedad de la Informaci\u00f3n y Comercio Electr\u00f3nico (LSSICE), te informo de que:<\/p><p data-start=\"335\" data-end=\"377\"><strong data-start=\"335\" data-end=\"357\">Titular de la web:<\/strong> Roc\u00edo Raisa Meg\u00eda<\/p><p data-start=\"380\" data-end=\"400\"><strong data-start=\"380\" data-end=\"388\">NIF:<\/strong> 51466909Q<\/p><p data-start=\"403\" data-end=\"447\"><strong data-start=\"403\" data-end=\"417\">Direcci\u00f3n:<\/strong> C\/ Capit\u00e1n Haya, 18, Madrid<\/p><p data-start=\"450\" data-end=\"477\"><strong data-start=\"450\" data-end=\"463\">Tel\u00e9fono:<\/strong> 673 267 034<\/p><p data-start=\"480\" data-end=\"524\"><strong data-start=\"480\" data-end=\"502\">Email de contacto:<\/strong> <a class=\"decorated-link cursor-pointer\" rel=\"noopener\" data-start=\"503\" data-end=\"522\">hola@rocioraisa.com<\/a><\/p><\/div><\/div><\/div>\t\t\t\t\t\t\t\t<\/div>\n\t\t\t\t<\/div>\n\t\t\t\t\t<\/div>\n\t\t<\/div>\n\t\t\t\t\t<\/div>\n\t\t<\/section>\n\t\t\t\t<section class=\"has_eae_slider elementor-section elementor-top-section elementor-element elementor-element-fc45895 elementor-section-boxed elementor-section-height-default elementor-section-height-default qodef-elementor-content-no\" data-eae-slider=\"735\" data-id=\"fc45895\" data-element_type=\"section\" data-e-type=\"section\" data-settings=\"{&quot;background_background&quot;:&quot;classic&quot;}\">\n\t\t\t\t\t\t<div class=\"elementor-container elementor-column-gap-default\">\n\t\t\t\t\t<div class=\"has_eae_slider elementor-column elementor-col-100 elementor-top-column elementor-element elementor-element-13f4edd\" data-eae-slider=\"47206\" data-id=\"13f4edd\" data-element_type=\"column\" data-e-type=\"column\">\n\t\t\t<div class=\"elementor-widget-wrap elementor-element-populated\">\n\t\t\t\t\t\t<div class=\"elementor-element elementor-element-48db1d8 elementor-widget elementor-widget-heading\" data-id=\"48db1d8\" data-element_type=\"widget\" data-e-type=\"widget\" data-widget_type=\"heading.default\">\n\t\t\t\t<div class=\"elementor-widget-container\">\n\t\t\t\t\t<h2 class=\"elementor-heading-title elementor-size-default\">POL\u00cdTICA DE COOKIES<\/h2>\t\t\t\t<\/div>\n\t\t\t\t<\/div>\n\t\t\t\t\t<\/div>\n\t\t<\/div>\n\t\t\t\t\t<\/div>\n\t\t<\/section>\n\t\t\t\t<section class=\"has_eae_slider elementor-section elementor-top-section elementor-element elementor-element-4967ef9 elementor-section-boxed elementor-section-height-default elementor-section-height-default qodef-elementor-content-no\" data-eae-slider=\"58903\" data-id=\"4967ef9\" data-element_type=\"section\" data-e-type=\"section\">\n\t\t\t\t\t\t<div class=\"elementor-container elementor-column-gap-default\">\n\t\t\t\t\t<div class=\"has_eae_slider elementor-column elementor-col-100 elementor-top-column elementor-element elementor-element-06c1a43\" data-eae-slider=\"46857\" data-id=\"06c1a43\" data-element_type=\"column\" data-e-type=\"column\">\n\t\t\t<div class=\"elementor-widget-wrap elementor-element-populated\">\n\t\t\t\t\t\t<div class=\"elementor-element elementor-element-2c05d2f elementor-widget elementor-widget-text-editor\" data-id=\"2c05d2f\" data-element_type=\"widget\" data-e-type=\"widget\" data-widget_type=\"text-editor.default\">\n\t\t\t\t<div class=\"elementor-widget-container\">\n\t\t\t\t\t\t\t\t\t<p>En cumplimiento del art\u00edculo 22.2 de la Ley 34\/2002, de 11 de julio, de Servicios de la Sociedad de la Informaci\u00f3n y de Comercio Electr\u00f3nico (LSSICE), Roc\u00edo Raisa Meg\u00eda informa sobre el uso de cookies en su sitio web <strong data-start=\"523\" data-end=\"545\"><a class=\"decorated-link\" href=\"http:\/\/www.rocioraisa.com\" target=\"_new\" rel=\"noopener\" data-start=\"525\" data-end=\"543\">www.rocioraisa.com<\/a><\/strong><\/p><h2 data-start=\"555\" data-end=\"581\">\u00bfQu\u00e9 son las cookies?<\/h2><p data-start=\"582\" data-end=\"714\">Las cookies son peque\u00f1os archivos que se almacenan en tu dispositivo (ordenador o m\u00f3vil) cuando navegas por internet. Sirven para:<\/p><ul><li data-start=\"717\" data-end=\"756\">Mejorar la experiencia de navegaci\u00f3n.<\/li><li data-start=\"759\" data-end=\"787\">Recordar tus preferencias.<\/li><li data-start=\"790\" data-end=\"842\">Obtener datos estad\u00edsticos sobre el uso de la web.<\/li><li data-start=\"845\" data-end=\"938\">En algunos casos, identificarte como cliente para facilitar el acceso a servicios privados.<\/li><\/ul><h2 data-start=\"945\" data-end=\"983\">\u00bfQu\u00e9 tipos de cookies utilizamos?<\/h2><h3 data-start=\"985\" data-end=\"1016\">Seg\u00fan qui\u00e9n las gestione:<\/h3><ul><li data-start=\"1019\" data-end=\"1087\"><strong data-start=\"1019\" data-end=\"1039\">Cookies propias:<\/strong> enviadas y gestionadas por Roc\u00edo Raisa Meg\u00eda.<\/li><li data-start=\"1090\" data-end=\"1244\"><strong data-start=\"1090\" data-end=\"1114\">Cookies de terceros:<\/strong> enviadas y gestionadas por entidades externas (ej. Google Analytics) de forma an\u00f3nima, para obtener estad\u00edsticas de navegaci\u00f3n.<\/li><\/ul><h3 data-start=\"1246\" data-end=\"1271\">Seg\u00fan su finalidad:<\/h3><ul><li data-start=\"1274\" data-end=\"1400\"><strong data-start=\"1274\" data-end=\"1316\">Cookies t\u00e9cnicas y de personalizaci\u00f3n:<\/strong> permiten navegar por la web, acceder a \u00e1reas seguras o recordar tus preferencias.<\/li><li data-start=\"1403\" data-end=\"1600\"><strong data-start=\"1403\" data-end=\"1440\">Cookies de an\u00e1lisis y publicidad:<\/strong> recogen datos sobre h\u00e1bitos de navegaci\u00f3n (ej. n\u00famero de visitas, secciones m\u00e1s vistas) para mejorar la web y, en algunos casos, mostrar publicidad adaptada.<\/li><\/ul><h3 data-start=\"1602\" data-end=\"1626\">Seg\u00fan su duraci\u00f3n:<\/h3><ul><li data-start=\"1629\" data-end=\"1689\"><strong data-start=\"1629\" data-end=\"1651\">Cookies de sesi\u00f3n:<\/strong> se eliminan al cerrar el navegador.<\/li><li data-start=\"1692\" data-end=\"1811\"><strong data-start=\"1692\" data-end=\"1717\">Cookies persistentes:<\/strong> permanecen en tu dispositivo durante un tiempo definido o hasta que las borres manualmente.<\/li><\/ul><h2 data-start=\"1818\" data-end=\"1857\">\u00bfDurante cu\u00e1nto tiempo se guardan?<\/h2><p data-start=\"1858\" data-end=\"1966\">El tiempo de conservaci\u00f3n depende del tipo de cookie y siempre ser\u00e1 el m\u00ednimo necesario para su finalidad.<\/p><p data-start=\"1858\" data-end=\"1966\">\u00a0<\/p><h2 data-start=\"1973\" data-end=\"2004\">\u00bfC\u00f3mo puedes gestionarlas?<\/h2><p data-start=\"2005\" data-end=\"2064\">Puedes configurar tu navegador en cualquier momento para:<\/p><ul><li data-start=\"2067\" data-end=\"2106\">Aceptar o rechazar todas las cookies.<\/li><li data-start=\"2109\" data-end=\"2143\">Borrar las cookies ya guardadas.<\/li><li data-start=\"2146\" data-end=\"2200\">Recibir un aviso antes de que se instale una cookie.<\/li><\/ul><p data-start=\"2202\" data-end=\"2333\">Si rechazas las cookies, podr\u00e1s seguir navegando en <strong data-start=\"2254\" data-end=\"2276\"><a class=\"decorated-link\" href=\"http:\/\/www.rocioraisa.com\" target=\"_new\" rel=\"noopener\" data-start=\"2256\" data-end=\"2274\">www.rocioraisa.com<\/a><\/strong><\/p><p data-start=\"2202\" data-end=\"2333\">\u00a0<\/p><h2 data-start=\"2340\" data-end=\"2376\">\u00bfD\u00f3nde configurar tu navegador?<\/h2><p data-start=\"2377\" data-end=\"2425\">Aqu\u00ed tienes los enlaces con las instrucciones:<\/p><ul><li data-start=\"2428\" data-end=\"2539\"><a class=\"decorated-link cursor-pointer\" target=\"_new\" rel=\"noopener\" data-start=\"2428\" data-end=\"2537\">Internet Explorer<\/a><\/li><li>Chrome<\/li><li>Firefox<\/li><\/ul>\t\t\t\t\t\t\t\t<\/div>\n\t\t\t\t<\/div>\n\t\t\t\t\t<\/div>\n\t\t<\/div>\n\t\t\t\t\t<\/div>\n\t\t<\/section>\n\t\t\t\t<\/div>","protected":false},"excerpt":{"rendered":"<p>AVISO LEGAL En cumplimiento del art\u00edculo 10 de la Ley 34\/2002, de 11 de julio, de Servicios de la Sociedad de la Informaci\u00f3n y Comercio Electr\u00f3nico (LSSICE), te informo de que: Titular de la web: Roc\u00edo Raisa Meg\u00eda NIF: 51466909Q Direcci\u00f3n: C\/ Capit\u00e1n Haya, 18, Madrid Tel\u00e9fono: 673 267 034 Email de contacto: hola@rocioraisa.com POL\u00cdTICA [&hellip;]<\/p>","protected":false},"author":194,"featured_media":0,"parent":0,"menu_order":0,"comment_status":"closed","ping_status":"closed","template":"","meta":{"footnotes":""},"class_list":["post-8256","page","type-page","status-publish","hentry"],"yoast_head":"<!-- This site is optimized with the Yoast SEO plugin v27.5 - https:\/\/yoast.com\/product\/yoast-seo-wordpress\/ -->\n<title>AVISO LEGAL - ALMA DE TRIBU<\/title>\n<meta name=\"robots\" content=\"index, follow, max-snippet:-1, max-image-preview:large, max-video-preview:-1\" \/>\n<link rel=\"canonical\" href=\"https:\/\/almadetribu.es\/en\/aviso-legal\/\" \/>\n<meta property=\"og:locale\" content=\"en_GB\" \/>\n<meta property=\"og:type\" content=\"article\" \/>\n<meta property=\"og:title\" content=\"AVISO LEGAL - ALMA DE TRIBU\" \/>\n<meta property=\"og:description\" content=\"AVISO LEGAL En cumplimiento del art\u00edculo 10 de la Ley 34\/2002, de 11 de julio, de Servicios de la Sociedad de la Informaci\u00f3n y Comercio Electr\u00f3nico (LSSICE), te informo de que: Titular de la web: Roc\u00edo Raisa Meg\u00eda NIF: 51466909Q Direcci\u00f3n: C\/ Capit\u00e1n Haya, 18, Madrid Tel\u00e9fono: 673 267 034 Email de contacto: hola@rocioraisa.com POL\u00cdTICA [&hellip;]\" \/>\n<meta property=\"og:url\" content=\"https:\/\/almadetribu.es\/en\/aviso-legal\/\" \/>\n<meta property=\"og:site_name\" content=\"ALMA DE TRIBU\" \/>\n<meta property=\"article:modified_time\" content=\"2025-08-21T13:06:14+00:00\" \/>\n<meta name=\"twitter:card\" content=\"summary_large_image\" \/>\n<meta name=\"twitter:label1\" content=\"Estimated reading time\" \/>\n\t<meta name=\"twitter:data1\" content=\"2 minutes\" \/>\n<script type=\"application\/ld+json\" class=\"yoast-schema-graph\">{\"@context\":\"https:\\\/\\\/schema.org\",\"@graph\":[{\"@type\":\"WebPage\",\"@id\":\"https:\\\/\\\/almadetribu.es\\\/aviso-legal\\\/\",\"url\":\"https:\\\/\\\/almadetribu.es\\\/aviso-legal\\\/\",\"name\":\"AVISO LEGAL - ALMA DE TRIBU\",\"isPartOf\":{\"@id\":\"https:\\\/\\\/almadetribu.es\\\/#website\"},\"datePublished\":\"2020-04-28T20:40:36+00:00\",\"dateModified\":\"2025-08-21T13:06:14+00:00\",\"breadcrumb\":{\"@id\":\"https:\\\/\\\/almadetribu.es\\\/aviso-legal\\\/#breadcrumb\"},\"inLanguage\":\"en-GB\",\"potentialAction\":[{\"@type\":\"ReadAction\",\"target\":[\"https:\\\/\\\/almadetribu.es\\\/aviso-legal\\\/\"]}]},{\"@type\":\"BreadcrumbList\",\"@id\":\"https:\\\/\\\/almadetribu.es\\\/aviso-legal\\\/#breadcrumb\",\"itemListElement\":[{\"@type\":\"ListItem\",\"position\":1,\"name\":\"Portada\",\"item\":\"https:\\\/\\\/almadetribu.es\\\/\"},{\"@type\":\"ListItem\",\"position\":2,\"name\":\"AVISO LEGAL\"}]},{\"@type\":\"WebSite\",\"@id\":\"https:\\\/\\\/almadetribu.es\\\/#website\",\"url\":\"https:\\\/\\\/almadetribu.es\\\/\",\"name\":\"ALMA DE TRIBU\",\"description\":\"YOGA FLOW SECRET CLUB\",\"publisher\":{\"@id\":\"https:\\\/\\\/almadetribu.es\\\/#organization\"},\"potentialAction\":[{\"@type\":\"SearchAction\",\"target\":{\"@type\":\"EntryPoint\",\"urlTemplate\":\"https:\\\/\\\/almadetribu.es\\\/?s={search_term_string}\"},\"query-input\":{\"@type\":\"PropertyValueSpecification\",\"valueRequired\":true,\"valueName\":\"search_term_string\"}}],\"inLanguage\":\"en-GB\"},{\"@type\":\"Organization\",\"@id\":\"https:\\\/\\\/almadetribu.es\\\/#organization\",\"name\":\"Roc\u00edo Meg\u00eda Metta Coach\",\"url\":\"https:\\\/\\\/almadetribu.es\\\/\",\"logo\":{\"@type\":\"ImageObject\",\"inLanguage\":\"en-GB\",\"@id\":\"https:\\\/\\\/almadetribu.es\\\/#\\\/schema\\\/logo\\\/image\\\/\",\"url\":\"https:\\\/\\\/rociomegia.com\\\/wp-content\\\/uploads\\\/2020\\\/09\\\/logo-rocio-verde.png\",\"contentUrl\":\"https:\\\/\\\/rociomegia.com\\\/wp-content\\\/uploads\\\/2020\\\/09\\\/logo-rocio-verde.png\",\"width\":220,\"height\":60,\"caption\":\"Roc\u00edo Meg\u00eda Metta Coach\"},\"image\":{\"@id\":\"https:\\\/\\\/almadetribu.es\\\/#\\\/schema\\\/logo\\\/image\\\/\"},\"sameAs\":[\"https:\\\/\\\/www.instagram.com\\\/rociomegia_mettacoach\\\/\"]}]}<\/script>\n<!-- \/ Yoast SEO plugin. -->","yoast_head_json":{"title":"AVISO LEGAL - ALMA DE TRIBU","robots":{"index":"index","follow":"follow","max-snippet":"max-snippet:-1","max-image-preview":"max-image-preview:large","max-video-preview":"max-video-preview:-1"},"canonical":"https:\/\/almadetribu.es\/en\/aviso-legal\/","og_locale":"en_GB","og_type":"article","og_title":"AVISO LEGAL - ALMA DE TRIBU","og_description":"AVISO LEGAL En cumplimiento del art\u00edculo 10 de la Ley 34\/2002, de 11 de julio, de Servicios de la Sociedad de la Informaci\u00f3n y Comercio Electr\u00f3nico (LSSICE), te informo de que: Titular de la web: Roc\u00edo Raisa Meg\u00eda NIF: 51466909Q Direcci\u00f3n: C\/ Capit\u00e1n Haya, 18, Madrid Tel\u00e9fono: 673 267 034 Email de contacto: hola@rocioraisa.com POL\u00cdTICA [&hellip;]","og_url":"https:\/\/almadetribu.es\/en\/aviso-legal\/","og_site_name":"ALMA DE TRIBU","article_modified_time":"2025-08-21T13:06:14+00:00","twitter_card":"summary_large_image","twitter_misc":{"Estimated reading time":"2 minutes"},"schema":{"@context":"https:\/\/schema.org","@graph":[{"@type":"WebPage","@id":"https:\/\/almadetribu.es\/aviso-legal\/","url":"https:\/\/almadetribu.es\/aviso-legal\/","name":"AVISO LEGAL - ALMA DE TRIBU","isPartOf":{"@id":"https:\/\/almadetribu.es\/#website"},"datePublished":"2020-04-28T20:40:36+00:00","dateModified":"2025-08-21T13:06:14+00:00","breadcrumb":{"@id":"https:\/\/almadetribu.es\/aviso-legal\/#breadcrumb"},"inLanguage":"en-GB","potentialAction":[{"@type":"ReadAction","target":["https:\/\/almadetribu.es\/aviso-legal\/"]}]},{"@type":"BreadcrumbList","@id":"https:\/\/almadetribu.es\/aviso-legal\/#breadcrumb","itemListElement":[{"@type":"ListItem","position":1,"name":"Portada","item":"https:\/\/almadetribu.es\/"},{"@type":"ListItem","position":2,"name":"AVISO LEGAL"}]},{"@type":"WebSite","@id":"https:\/\/almadetribu.es\/#website","url":"https:\/\/almadetribu.es\/","name":"ALMA DE TRIBU","description":"YOGA FLOW SECRET CLUB","publisher":{"@id":"https:\/\/almadetribu.es\/#organization"},"potentialAction":[{"@type":"SearchAction","target":{"@type":"EntryPoint","urlTemplate":"https:\/\/almadetribu.es\/?s={search_term_string}"},"query-input":{"@type":"PropertyValueSpecification","valueRequired":true,"valueName":"search_term_string"}}],"inLanguage":"en-GB"},{"@type":"Organization","@id":"https:\/\/almadetribu.es\/#organization","name":"Roc\u00edo Meg\u00eda Metta Coach","url":"https:\/\/almadetribu.es\/","logo":{"@type":"ImageObject","inLanguage":"en-GB","@id":"https:\/\/almadetribu.es\/#\/schema\/logo\/image\/","url":"https:\/\/rociomegia.com\/wp-content\/uploads\/2020\/09\/logo-rocio-verde.png","contentUrl":"https:\/\/rociomegia.com\/wp-content\/uploads\/2020\/09\/logo-rocio-verde.png","width":220,"height":60,"caption":"Roc\u00edo Meg\u00eda Metta Coach"},"image":{"@id":"https:\/\/almadetribu.es\/#\/schema\/logo\/image\/"},"sameAs":["https:\/\/www.instagram.com\/rociomegia_mettacoach\/"]}]}},"_links":{"self":[{"href":"https:\/\/almadetribu.es\/en\/wp-json\/wp\/v2\/pages\/8256","targetHints":{"allow":["GET"]}}],"collection":[{"href":"https:\/\/almadetribu.es\/en\/wp-json\/wp\/v2\/pages"}],"about":[{"href":"https:\/\/almadetribu.es\/en\/wp-json\/wp\/v2\/types\/page"}],"author":[{"embeddable":true,"href":"https:\/\/almadetribu.es\/en\/wp-json\/wp\/v2\/users\/194"}],"replies":[{"embeddable":true,"href":"https:\/\/almadetribu.es\/en\/wp-json\/wp\/v2\/comments?post=8256"}],"version-history":[{"count":0,"href":"https:\/\/almadetribu.es\/en\/wp-json\/wp\/v2\/pages\/8256\/revisions"}],"wp:attachment":[{"href":"https:\/\/almadetribu.es\/en\/wp-json\/wp\/v2\/media?parent=8256"}],"curies":[{"name":"wp","href":"https:\/\/api.w.org\/{rel}","templated":true}]}}