{"id":14987,"date":"2022-03-31T12:54:22","date_gmt":"2022-03-31T10:54:22","guid":{"rendered":"https:\/\/rociomegia.com\/?page_id=14987"},"modified":"2025-08-14T17:36:47","modified_gmt":"2025-08-14T15:36:47","slug":"reserva-tu-plaza","status":"publish","type":"page","link":"https:\/\/almadetribu.es\/en\/reserva-tu-plaza\/","title":{"rendered":"RESERVE YOUR PLACE"},"content":{"rendered":"<div data-elementor-type=\"wp-page\" data-elementor-id=\"14987\" class=\"elementor elementor-14987\" data-elementor-post-type=\"page\">\n\t\t\t\t\t\t<section class=\"has_eae_slider elementor-section elementor-top-section elementor-element elementor-element-ae27aae elementor-section-boxed elementor-section-height-default elementor-section-height-default qodef-elementor-content-no\" data-eae-slider=\"67162\" data-id=\"ae27aae\" data-element_type=\"section\" data-e-type=\"section\">\n\t\t\t\t\t\t<div class=\"elementor-container elementor-column-gap-default\">\n\t\t\t\t\t<div class=\"has_eae_slider elementor-column elementor-col-50 elementor-top-column elementor-element elementor-element-b817936\" data-eae-slider=\"35465\" data-id=\"b817936\" data-element_type=\"column\" data-e-type=\"column\">\n\t\t\t<div class=\"elementor-widget-wrap elementor-element-populated\">\n\t\t\t\t\t\t<div class=\"elementor-element elementor-element-69c7805 elementor-widget elementor-widget-heading\" data-id=\"69c7805\" data-element_type=\"widget\" data-e-type=\"widget\" data-widget_type=\"heading.default\">\n\t\t\t\t<div class=\"elementor-widget-container\">\n\t\t\t\t\t<p class=\"elementor-heading-title elementor-size-large\">Me llamo Roc\u00edo Raisa Meg\u00eda y colaboro contigo para alcanzar el  bienestar de la forma m\u00e1s productiva que conozco: \n\nTRABAJANDO SIMULT\u00c1NEAMENTE CUERPO, MENTE Y EMOCI\u00d3N A TRAV\u00c9S de mi propio m\u00e9todo: Yobility Coaching , una fusi\u00f3n del yoga, el movimiento libre y el coaching.<\/p>\t\t\t\t<\/div>\n\t\t\t\t<\/div>\n\t\t\t\t\t<\/div>\n\t\t<\/div>\n\t\t\t\t<div class=\"has_eae_slider elementor-column elementor-col-50 elementor-top-column elementor-element elementor-element-a001a92\" data-eae-slider=\"4095\" data-id=\"a001a92\" data-element_type=\"column\" data-e-type=\"column\">\n\t\t\t<div class=\"elementor-widget-wrap elementor-element-populated\">\n\t\t\t\t\t\t<div class=\"elementor-element elementor-element-ec34f2a elementor-widget elementor-widget-image\" data-id=\"ec34f2a\" data-element_type=\"widget\" data-e-type=\"widget\" data-widget_type=\"image.default\">\n\t\t\t\t<div class=\"elementor-widget-container\">\n\t\t\t\t\t\t\t\t\t\t\t\t\t\t\t<img fetchpriority=\"high\" decoding=\"async\" width=\"692\" height=\"650\" src=\"https:\/\/almadetribu.es\/wp-content\/uploads\/2024\/03\/MEDIO-ROCIO-MEGIA-e1723813855299-692x650.jpg\" class=\"attachment-chaai_core_image_size_landscape size-chaai_core_image_size_landscape wp-image-20543\" alt=\"\" \/>\t\t\t\t\t\t\t\t\t\t\t\t\t\t\t<\/div>\n\t\t\t\t<\/div>\n\t\t\t\t\t<\/div>\n\t\t<\/div>\n\t\t\t\t\t<\/div>\n\t\t<\/section>\n\t\t\t\t<section class=\"has_eae_slider elementor-section elementor-top-section elementor-element elementor-element-496c0a31 elementor-section-boxed elementor-section-height-default elementor-section-height-default qodef-elementor-content-no\" data-eae-slider=\"33117\" data-id=\"496c0a31\" data-element_type=\"section\" data-e-type=\"section\">\n\t\t\t\t\t\t<div class=\"elementor-container elementor-column-gap-default\">\n\t\t\t\t\t<div class=\"has_eae_slider elementor-column elementor-col-50 elementor-top-column elementor-element elementor-element-62e3345f\" data-eae-slider=\"44756\" data-id=\"62e3345f\" data-element_type=\"column\" data-e-type=\"column\">\n\t\t\t<div class=\"elementor-widget-wrap elementor-element-populated\">\n\t\t\t\t\t\t<div class=\"elementor-element elementor-element-5291827 elementor-widget elementor-widget-text-editor\" data-id=\"5291827\" data-element_type=\"widget\" data-e-type=\"widget\" data-widget_type=\"text-editor.default\">\n\t\t\t\t<div class=\"elementor-widget-container\">\n\t\t\t\t\t\t\t\t\t<p>Ya que est\u00e1s en esta p\u00e1gina de contacto, me gustar\u00eda contarte algo:<\/p><p>Una de las razones por las que empec\u00e9 a impartir clases es porque me encanta relacionarme con la gente:\u00a0<strong>quer\u00eda conocer a otras personas que compartiesen mis valores y mi visi\u00f3n del mundo<\/strong>.<\/p><p>Cuando comenc\u00e9 me pasaba horas contestando correos. Sin embargo, debido a lo mucho que ha crecido el proyecto en los \u00faltimos a\u00f1os, me es imposible contestar con rapidez a todos los mensajes que recibo a diario. Por eso te pido paciencia. Siempre contesto.<\/p><p>Mientras tanto:<\/p>\t\t\t\t\t\t\t\t<\/div>\n\t\t\t\t<\/div>\n\t\t\t\t<div class=\"elementor-element elementor-element-60dd8f20 elementor-widget elementor-widget-text-editor\" data-id=\"60dd8f20\" data-element_type=\"widget\" data-e-type=\"widget\" data-widget_type=\"text-editor.default\">\n\t\t\t\t<div class=\"elementor-widget-container\">\n\t\t\t\t\t\t\t\t\t<ul><li>Si quieres\u00a0<strong>saludarme<\/strong>, escr\u00edbeme en<strong>\u00a0<a href=\"https:\/\/www.instagram.com\/rociomegiasacristan\/\"><span style=\"color: #003300;\">Instagram\u00a0<\/span><\/a><\/strong><\/li><li>Si quieres\u00a0<strong>ayudarme<\/strong>,<strong>\u00a0<span style=\"color: #003300;\"><a style=\"color: #003300;\" href=\"https:\/\/rocioraisa.com\/blog\/\">enl\u00e1zame a Roc\u00edo Meg\u00eda Blog<\/a>\u00a0<\/span><\/strong>desde tu blog o comparte tu post favorito con quien creas que m\u00e1s lo necesita<\/li><li>Si quieres\u00a0<strong>conocerme<\/strong><strong>\u00a0<\/strong><strong>en persona<\/strong>, estate atento al Blog y a mi Instagram. De vez en cuando organizo master class y eventos que anuncio a trav\u00e9s de estos dos canales, y me encantar\u00eda contar contigo para el pr\u00f3ximo<\/li><li>Si tienes una\u00a0<strong>pregunta<\/strong>, env\u00edame un email directamente o rellena el formulario de contacto. Leerte me hace feliz.<\/li><li>Si quieres escribir un\u00a0<strong>post invitado<\/strong>\u00a0en Roc\u00edo Meg\u00eda, puedes enviarme tu\u00a0solicitud\u00a0<span style=\"color: #003300;\"><a style=\"color: #003300;\" href=\"https:\/\/viviralmaximo.net\/posts-invitados\/\">a trav\u00e9s de esta p\u00e1gina<\/a><\/span><\/li><\/ul>\t\t\t\t\t\t\t\t<\/div>\n\t\t\t\t<\/div>\n\t\t\t\t<div class=\"elementor-element elementor-element-669da418 elementor-widget elementor-widget-text-editor\" data-id=\"669da418\" data-element_type=\"widget\" data-e-type=\"widget\" data-widget_type=\"text-editor.default\">\n\t\t\t\t<div class=\"elementor-widget-container\">\n\t\t\t\t\t\t\t\t\t<p>Estar\u00e1s de acuerdo conmigo en que una de las grandes ventajas de tener una web es que te abre la puerta a todo tipo de\u00a0oportunidades, as\u00ed que si tienes alguna\u00a0<strong>propuesta que creas\u00a0que puede hacer\u00a0mi vida m\u00e1s interesante,<\/strong>\u00a0escr\u00edbeme a trav\u00e9s del\u00a0siguiente formulario.<\/p><p>\u00a1Un abrazo y gracias por estar aqu\u00ed ahora!<\/p><p>Roc\u00edo<\/p>\t\t\t\t\t\t\t\t<\/div>\n\t\t\t\t<\/div>\n\t\t\t\t\t<\/div>\n\t\t<\/div>\n\t\t\t\t<div class=\"has_eae_slider elementor-column elementor-col-50 elementor-top-column elementor-element elementor-element-7d170110\" data-eae-slider=\"86306\" data-id=\"7d170110\" data-element_type=\"column\" data-e-type=\"column\">\n\t\t\t<div class=\"elementor-widget-wrap elementor-element-populated\">\n\t\t\t\t\t\t<div class=\"elementor-element elementor-element-6d51235c elementor-widget elementor-widget-text-editor\" data-id=\"6d51235c\" data-element_type=\"widget\" data-e-type=\"widget\" data-widget_type=\"text-editor.default\">\n\t\t\t\t<div class=\"elementor-widget-container\">\n\t\t\t\t\t\t\t\t\t<p>\u00bfCONECTAMOS?<\/p><p>ESCR\u00cdBEME Y TE CONTACTAR\u00c9 PERSONALMENTE PARA ENTENDER TU CASO Y EXPLICARTE CU\u00c1L ES EL MEJOR PROGRAMA PARA TI<\/p>\t\t\t\t\t\t\t\t<\/div>\n\t\t\t\t<\/div>\n\t\t\t\t<div class=\"elementor-element elementor-element-9a1f478 elementor-button-align-stretch elementor-widget elementor-widget-form\" data-id=\"9a1f478\" data-element_type=\"widget\" data-e-type=\"widget\" data-settings=\"{&quot;step_next_label&quot;:&quot;Siguiente&quot;,&quot;step_previous_label&quot;:&quot;Anterior&quot;,&quot;button_width&quot;:&quot;100&quot;,&quot;step_type&quot;:&quot;number_text&quot;,&quot;step_icon_shape&quot;:&quot;circle&quot;}\" data-widget_type=\"form.default\">\n\t\t\t\t<div class=\"elementor-widget-container\">\n\t\t\t\t\t\t\t<form class=\"elementor-form\" method=\"post\" name=\"Nuevo formulario\" aria-label=\"Nuevo formulario\" action=\"\">\n\t\t\t<input type=\"hidden\" name=\"post_id\" value=\"14987\"\/>\n\t\t\t<input type=\"hidden\" name=\"form_id\" value=\"9a1f478\"\/>\n\t\t\t<input type=\"hidden\" name=\"referer_title\" value=\"RESERVA TU PLAZA - ALMA DE TRIBU\" \/>\n\n\t\t\t\t\t\t\t<input type=\"hidden\" name=\"queried_id\" value=\"14987\"\/>\n\t\t\t\n\t\t\t<div class=\"elementor-form-fields-wrapper elementor-labels-above\">\n\t\t\t\t\t\t\t\t<div class=\"elementor-field-type-text elementor-field-group elementor-column elementor-field-group-name elementor-col-100\">\n\t\t\t\t\t\t\t\t\t\t\t\t<label for=\"form-field-name\" class=\"elementor-field-label\">\n\t\t\t\t\t\t\t\tNombre\t\t\t\t\t\t\t<\/label>\n\t\t\t\t\t\t\t\t\t\t\t\t\t\t<input size=\"1\" type=\"text\" name=\"form_fields[name]\" id=\"form-field-name\" class=\"elementor-field elementor-size-sm  elementor-field-textual\" placeholder=\"Nombre\">\n\t\t\t\t\t\t\t\t\t\t\t<\/div>\n\t\t\t\t\t\t\t\t<div class=\"elementor-field-type-email elementor-field-group elementor-column elementor-field-group-email elementor-col-100 elementor-field-required\">\n\t\t\t\t\t\t\t\t\t\t\t\t<label for=\"form-field-email\" class=\"elementor-field-label\">\n\t\t\t\t\t\t\t\tCorreo electr\u00f3nico\t\t\t\t\t\t\t<\/label>\n\t\t\t\t\t\t\t\t\t\t\t\t\t\t<input size=\"1\" type=\"email\" name=\"form_fields[email]\" id=\"form-field-email\" class=\"elementor-field elementor-size-sm  elementor-field-textual\" placeholder=\"Correo electr\u00f3nico\" required=\"required\">\n\t\t\t\t\t\t\t\t\t\t\t<\/div>\n\t\t\t\t\t\t\t\t<div class=\"elementor-field-type-textarea elementor-field-group elementor-column elementor-field-group-message elementor-col-100\">\n\t\t\t\t\t\t\t\t\t\t\t\t<label for=\"form-field-message\" class=\"elementor-field-label\">\n\t\t\t\t\t\t\t\tMensaje\t\t\t\t\t\t\t<\/label>\n\t\t\t\t\t\t<textarea class=\"elementor-field-textual elementor-field  elementor-size-sm\" name=\"form_fields[message]\" id=\"form-field-message\" rows=\"4\" placeholder=\"Mensaje\"><\/textarea>\t\t\t\t<\/div>\n\t\t\t\t\t\t\t\t<div class=\"elementor-field-group elementor-column elementor-field-type-submit elementor-col-100 e-form__buttons\">\n\t\t\t\t\t<button class=\"elementor-button elementor-size-sm\" type=\"submit\">\n\t\t\t\t\t\t<span class=\"elementor-button-content-wrapper\">\n\t\t\t\t\t\t\t\t\t\t\t\t\t\t\t\t\t\t\t\t\t\t<span class=\"elementor-button-text\">Enviar<\/span>\n\t\t\t\t\t\t\t\t\t\t\t\t\t<\/span>\n\t\t\t\t\t<\/button>\n\t\t\t\t<\/div>\n\t\t\t<\/div>\n\t\t<input type=\"hidden\" name=\"trp-form-language\" value=\"en\"\/><\/form>\n\t\t\t\t\t\t<\/div>\n\t\t\t\t<\/div>\n\t\t\t\t\t<\/div>\n\t\t<\/div>\n\t\t\t\t\t<\/div>\n\t\t<\/section>\n\t\t\t\t<section class=\"has_eae_slider elementor-section elementor-top-section elementor-element elementor-element-1980629 elementor-section-full_width elementor-section-height-default elementor-section-height-default qodef-elementor-content-no\" data-eae-slider=\"20336\" data-id=\"1980629\" data-element_type=\"section\" data-e-type=\"section\" data-settings=\"{&quot;background_background&quot;:&quot;classic&quot;,&quot;animation&quot;:&quot;none&quot;}\">\n\t\t\t\t\t\t<div class=\"elementor-container elementor-column-gap-default\">\n\t\t\t\t\t<div class=\"has_eae_slider elementor-column elementor-col-100 elementor-top-column elementor-element elementor-element-474092a\" data-eae-slider=\"25026\" data-id=\"474092a\" data-element_type=\"column\" data-e-type=\"column\">\n\t\t\t<div class=\"elementor-widget-wrap elementor-element-populated\">\n\t\t\t\t\t\t<div class=\"elementor-element elementor-element-5aa35c3 elementor-cta--skin-cover elementor-cta--valign-middle elementor-bg-transform elementor-bg-transform-zoom-in elementor-widget elementor-widget-call-to-action\" data-id=\"5aa35c3\" data-element_type=\"widget\" data-e-type=\"widget\" data-widget_type=\"call-to-action.default\">\n\t\t\t\t<div class=\"elementor-widget-container\">\n\t\t\t\t\t\t\t<div class=\"elementor-cta\">\n\t\t\t\t\t<div class=\"elementor-cta__bg-wrapper\">\n\t\t\t\t<div class=\"elementor-cta__bg elementor-bg\" style=\"background-image: url(https:\/\/almadetribu.es\/wp-content\/uploads\/2024\/04\/Rocio-182-_DSC8019-228x300.jpg);\" role=\"img\" aria-label=\"Rocio-182-_DSC8019\"><\/div>\n\t\t\t\t<div class=\"elementor-cta__bg-overlay\"><\/div>\n\t\t\t<\/div>\n\t\t\t\t\t\t\t<div class=\"elementor-cta__content\">\n\t\t\t\t\n\t\t\t\t\t\t\t\t\t<h1 class=\"elementor-cta__title elementor-cta__content-item elementor-content-item\">\n\t\t\t\t\t\tLL\u00c9NATE DE VITALIDAD, FLEXIBILIDAD Y CLARIDAD ENTRENANDO MENTE, EMOCI\u00d3N Y CUERPO \t\t\t\t\t<\/h1>\n\t\t\t\t\n\t\t\t\t\t\t\t\t\t<div class=\"elementor-cta__description elementor-cta__content-item elementor-content-item\">\n\t\t\t\t\t\t\u00danete a mi comunidad y recibir\u00e1s informaci\u00f3n exclusiva acerca de sorteos, eventos especiales y promociones. \u00bfMi regalo de bienvenida? Una clase online GRATUITA sobre la Ley del Desapego, el primer paso para transformar tu mente, cuerpo y emoci\u00f3n.\t\t\t\t\t<\/div>\n\t\t\t\t\n\t\t\t\t\t\t\t\t\t<div class=\"elementor-cta__button-wrapper elementor-cta__content-item elementor-content-item\">\n\t\t\t\t\t<a class=\"elementor-cta__button elementor-button elementor-size-lg\" href=\"https:\/\/rocioraisa.com\/regalo_ley_del_desapego\/\">\n\t\t\t\t\t\tUNIRME A TU COMUNIDAD Y DISFRUTAR DE UNA CLASE ONLINE GRATUITA\t\t\t\t\t<\/a>\n\t\t\t\t\t<\/div>\n\t\t\t\t\t\t\t<\/div>\n\t\t\t\t\t\t<\/div>\n\t\t\t\t\t\t<\/div>\n\t\t\t\t<\/div>\n\t\t\t\t\t<\/div>\n\t\t<\/div>\n\t\t\t\t\t<\/div>\n\t\t<\/section>\n\t\t\t\t<\/div>","protected":false},"excerpt":{"rendered":"<p>Me llamo Roc\u00edo Raisa Meg\u00eda y colaboro contigo para alcanzar el bienestar de la forma m\u00e1s productiva que conozco: TRABAJANDO SIMULT\u00c1NEAMENTE CUERPO, MENTE Y EMOCI\u00d3N A TRAV\u00c9S de mi propio m\u00e9todo: Yobility Coaching , una fusi\u00f3n del yoga, el movimiento libre y el coaching. Ya que est\u00e1s en esta p\u00e1gina de contacto, me gustar\u00eda contarte [&hellip;]<\/p>","protected":false},"author":194,"featured_media":0,"parent":0,"menu_order":0,"comment_status":"closed","ping_status":"closed","template":"","meta":{"footnotes":""},"class_list":["post-14987","page","type-page","status-publish","hentry"],"yoast_head":"<!-- This site is optimized with the Yoast SEO plugin v27.5 - https:\/\/yoast.com\/product\/yoast-seo-wordpress\/ -->\n<title>RESERVA TU PLAZA - ALMA DE TRIBU<\/title>\n<meta name=\"robots\" content=\"index, follow, max-snippet:-1, max-image-preview:large, max-video-preview:-1\" \/>\n<link rel=\"canonical\" href=\"https:\/\/almadetribu.es\/en\/reserva-tu-plaza\/\" \/>\n<meta property=\"og:locale\" content=\"en_GB\" \/>\n<meta property=\"og:type\" content=\"article\" \/>\n<meta property=\"og:title\" content=\"RESERVA TU PLAZA - ALMA DE TRIBU\" \/>\n<meta property=\"og:description\" content=\"Me llamo Roc\u00edo Raisa Meg\u00eda y colaboro contigo para alcanzar el bienestar de la forma m\u00e1s productiva que conozco: TRABAJANDO SIMULT\u00c1NEAMENTE CUERPO, MENTE Y EMOCI\u00d3N A TRAV\u00c9S de mi propio m\u00e9todo: Yobility Coaching , una fusi\u00f3n del yoga, el movimiento libre y el coaching. Ya que est\u00e1s en esta p\u00e1gina de contacto, me gustar\u00eda contarte [&hellip;]\" \/>\n<meta property=\"og:url\" content=\"https:\/\/almadetribu.es\/en\/reserva-tu-plaza\/\" \/>\n<meta property=\"og:site_name\" content=\"ALMA DE TRIBU\" \/>\n<meta property=\"article:modified_time\" content=\"2025-08-14T15:36:47+00:00\" \/>\n<meta property=\"og:image\" content=\"https:\/\/rocioraisa.com\/wp-content\/uploads\/2024\/03\/MEDIO-ROCIO-MEGIA-e1723813855299-692x650.jpg\" \/>\n<meta name=\"twitter:card\" content=\"summary_large_image\" \/>\n<meta name=\"twitter:label1\" content=\"Estimated reading time\" \/>\n\t<meta name=\"twitter:data1\" content=\"2 minutes\" \/>\n<script type=\"application\/ld+json\" class=\"yoast-schema-graph\">{\"@context\":\"https:\\\/\\\/schema.org\",\"@graph\":[{\"@type\":\"WebPage\",\"@id\":\"https:\\\/\\\/almadetribu.es\\\/reserva-tu-plaza\\\/\",\"url\":\"https:\\\/\\\/almadetribu.es\\\/reserva-tu-plaza\\\/\",\"name\":\"RESERVA TU PLAZA - ALMA DE TRIBU\",\"isPartOf\":{\"@id\":\"https:\\\/\\\/almadetribu.es\\\/#website\"},\"primaryImageOfPage\":{\"@id\":\"https:\\\/\\\/almadetribu.es\\\/reserva-tu-plaza\\\/#primaryimage\"},\"image\":{\"@id\":\"https:\\\/\\\/almadetribu.es\\\/reserva-tu-plaza\\\/#primaryimage\"},\"thumbnailUrl\":\"https:\\\/\\\/rocioraisa.com\\\/wp-content\\\/uploads\\\/2024\\\/03\\\/MEDIO-ROCIO-MEGIA-e1723813855299-692x650.jpg\",\"datePublished\":\"2022-03-31T10:54:22+00:00\",\"dateModified\":\"2025-08-14T15:36:47+00:00\",\"breadcrumb\":{\"@id\":\"https:\\\/\\\/almadetribu.es\\\/reserva-tu-plaza\\\/#breadcrumb\"},\"inLanguage\":\"en-GB\",\"potentialAction\":[{\"@type\":\"ReadAction\",\"target\":[\"https:\\\/\\\/almadetribu.es\\\/reserva-tu-plaza\\\/\"]}]},{\"@type\":\"ImageObject\",\"inLanguage\":\"en-GB\",\"@id\":\"https:\\\/\\\/almadetribu.es\\\/reserva-tu-plaza\\\/#primaryimage\",\"url\":\"https:\\\/\\\/rocioraisa.com\\\/wp-content\\\/uploads\\\/2024\\\/03\\\/MEDIO-ROCIO-MEGIA-e1723813855299-692x650.jpg\",\"contentUrl\":\"https:\\\/\\\/rocioraisa.com\\\/wp-content\\\/uploads\\\/2024\\\/03\\\/MEDIO-ROCIO-MEGIA-e1723813855299-692x650.jpg\"},{\"@type\":\"BreadcrumbList\",\"@id\":\"https:\\\/\\\/almadetribu.es\\\/reserva-tu-plaza\\\/#breadcrumb\",\"itemListElement\":[{\"@type\":\"ListItem\",\"position\":1,\"name\":\"Portada\",\"item\":\"https:\\\/\\\/almadetribu.es\\\/\"},{\"@type\":\"ListItem\",\"position\":2,\"name\":\"RESERVA TU PLAZA\"}]},{\"@type\":\"WebSite\",\"@id\":\"https:\\\/\\\/almadetribu.es\\\/#website\",\"url\":\"https:\\\/\\\/almadetribu.es\\\/\",\"name\":\"ALMA DE TRIBU\",\"description\":\"YOGA FLOW SECRET CLUB\",\"publisher\":{\"@id\":\"https:\\\/\\\/almadetribu.es\\\/#organization\"},\"potentialAction\":[{\"@type\":\"SearchAction\",\"target\":{\"@type\":\"EntryPoint\",\"urlTemplate\":\"https:\\\/\\\/almadetribu.es\\\/?s={search_term_string}\"},\"query-input\":{\"@type\":\"PropertyValueSpecification\",\"valueRequired\":true,\"valueName\":\"search_term_string\"}}],\"inLanguage\":\"en-GB\"},{\"@type\":\"Organization\",\"@id\":\"https:\\\/\\\/almadetribu.es\\\/#organization\",\"name\":\"Roc\u00edo Meg\u00eda Metta Coach\",\"url\":\"https:\\\/\\\/almadetribu.es\\\/\",\"logo\":{\"@type\":\"ImageObject\",\"inLanguage\":\"en-GB\",\"@id\":\"https:\\\/\\\/almadetribu.es\\\/#\\\/schema\\\/logo\\\/image\\\/\",\"url\":\"https:\\\/\\\/rociomegia.com\\\/wp-content\\\/uploads\\\/2020\\\/09\\\/logo-rocio-verde.png\",\"contentUrl\":\"https:\\\/\\\/rociomegia.com\\\/wp-content\\\/uploads\\\/2020\\\/09\\\/logo-rocio-verde.png\",\"width\":220,\"height\":60,\"caption\":\"Roc\u00edo Meg\u00eda Metta Coach\"},\"image\":{\"@id\":\"https:\\\/\\\/almadetribu.es\\\/#\\\/schema\\\/logo\\\/image\\\/\"},\"sameAs\":[\"https:\\\/\\\/www.instagram.com\\\/rociomegia_mettacoach\\\/\"]}]}<\/script>\n<!-- \/ Yoast SEO plugin. -->","yoast_head_json":{"title":"RESERVA TU PLAZA - ALMA DE TRIBU","robots":{"index":"index","follow":"follow","max-snippet":"max-snippet:-1","max-image-preview":"max-image-preview:large","max-video-preview":"max-video-preview:-1"},"canonical":"https:\/\/almadetribu.es\/en\/reserva-tu-plaza\/","og_locale":"en_GB","og_type":"article","og_title":"RESERVA TU PLAZA - ALMA DE TRIBU","og_description":"Me llamo Roc\u00edo Raisa Meg\u00eda y colaboro contigo para alcanzar el bienestar de la forma m\u00e1s productiva que conozco: TRABAJANDO SIMULT\u00c1NEAMENTE CUERPO, MENTE Y EMOCI\u00d3N A TRAV\u00c9S de mi propio m\u00e9todo: Yobility Coaching , una fusi\u00f3n del yoga, el movimiento libre y el coaching. Ya que est\u00e1s en esta p\u00e1gina de contacto, me gustar\u00eda contarte [&hellip;]","og_url":"https:\/\/almadetribu.es\/en\/reserva-tu-plaza\/","og_site_name":"ALMA DE TRIBU","article_modified_time":"2025-08-14T15:36:47+00:00","og_image":[{"url":"https:\/\/rocioraisa.com\/wp-content\/uploads\/2024\/03\/MEDIO-ROCIO-MEGIA-e1723813855299-692x650.jpg","type":"","width":"","height":""}],"twitter_card":"summary_large_image","twitter_misc":{"Estimated reading time":"2 minutes"},"schema":{"@context":"https:\/\/schema.org","@graph":[{"@type":"WebPage","@id":"https:\/\/almadetribu.es\/reserva-tu-plaza\/","url":"https:\/\/almadetribu.es\/reserva-tu-plaza\/","name":"RESERVA TU PLAZA - ALMA DE TRIBU","isPartOf":{"@id":"https:\/\/almadetribu.es\/#website"},"primaryImageOfPage":{"@id":"https:\/\/almadetribu.es\/reserva-tu-plaza\/#primaryimage"},"image":{"@id":"https:\/\/almadetribu.es\/reserva-tu-plaza\/#primaryimage"},"thumbnailUrl":"https:\/\/rocioraisa.com\/wp-content\/uploads\/2024\/03\/MEDIO-ROCIO-MEGIA-e1723813855299-692x650.jpg","datePublished":"2022-03-31T10:54:22+00:00","dateModified":"2025-08-14T15:36:47+00:00","breadcrumb":{"@id":"https:\/\/almadetribu.es\/reserva-tu-plaza\/#breadcrumb"},"inLanguage":"en-GB","potentialAction":[{"@type":"ReadAction","target":["https:\/\/almadetribu.es\/reserva-tu-plaza\/"]}]},{"@type":"ImageObject","inLanguage":"en-GB","@id":"https:\/\/almadetribu.es\/reserva-tu-plaza\/#primaryimage","url":"https:\/\/rocioraisa.com\/wp-content\/uploads\/2024\/03\/MEDIO-ROCIO-MEGIA-e1723813855299-692x650.jpg","contentUrl":"https:\/\/rocioraisa.com\/wp-content\/uploads\/2024\/03\/MEDIO-ROCIO-MEGIA-e1723813855299-692x650.jpg"},{"@type":"BreadcrumbList","@id":"https:\/\/almadetribu.es\/reserva-tu-plaza\/#breadcrumb","itemListElement":[{"@type":"ListItem","position":1,"name":"Portada","item":"https:\/\/almadetribu.es\/"},{"@type":"ListItem","position":2,"name":"RESERVA TU PLAZA"}]},{"@type":"WebSite","@id":"https:\/\/almadetribu.es\/#website","url":"https:\/\/almadetribu.es\/","name":"ALMA DE TRIBU","description":"YOGA FLOW SECRET CLUB","publisher":{"@id":"https:\/\/almadetribu.es\/#organization"},"potentialAction":[{"@type":"SearchAction","target":{"@type":"EntryPoint","urlTemplate":"https:\/\/almadetribu.es\/?s={search_term_string}"},"query-input":{"@type":"PropertyValueSpecification","valueRequired":true,"valueName":"search_term_string"}}],"inLanguage":"en-GB"},{"@type":"Organization","@id":"https:\/\/almadetribu.es\/#organization","name":"Roc\u00edo Meg\u00eda Metta Coach","url":"https:\/\/almadetribu.es\/","logo":{"@type":"ImageObject","inLanguage":"en-GB","@id":"https:\/\/almadetribu.es\/#\/schema\/logo\/image\/","url":"https:\/\/rociomegia.com\/wp-content\/uploads\/2020\/09\/logo-rocio-verde.png","contentUrl":"https:\/\/rociomegia.com\/wp-content\/uploads\/2020\/09\/logo-rocio-verde.png","width":220,"height":60,"caption":"Roc\u00edo Meg\u00eda Metta Coach"},"image":{"@id":"https:\/\/almadetribu.es\/#\/schema\/logo\/image\/"},"sameAs":["https:\/\/www.instagram.com\/rociomegia_mettacoach\/"]}]}},"_links":{"self":[{"href":"https:\/\/almadetribu.es\/en\/wp-json\/wp\/v2\/pages\/14987","targetHints":{"allow":["GET"]}}],"collection":[{"href":"https:\/\/almadetribu.es\/en\/wp-json\/wp\/v2\/pages"}],"about":[{"href":"https:\/\/almadetribu.es\/en\/wp-json\/wp\/v2\/types\/page"}],"author":[{"embeddable":true,"href":"https:\/\/almadetribu.es\/en\/wp-json\/wp\/v2\/users\/194"}],"replies":[{"embeddable":true,"href":"https:\/\/almadetribu.es\/en\/wp-json\/wp\/v2\/comments?post=14987"}],"version-history":[{"count":1,"href":"https:\/\/almadetribu.es\/en\/wp-json\/wp\/v2\/pages\/14987\/revisions"}],"predecessor-version":[{"id":27251,"href":"https:\/\/almadetribu.es\/en\/wp-json\/wp\/v2\/pages\/14987\/revisions\/27251"}],"wp:attachment":[{"href":"https:\/\/almadetribu.es\/en\/wp-json\/wp\/v2\/media?parent=14987"}],"curies":[{"name":"wp","href":"https:\/\/api.w.org\/{rel}","templated":true}]}}